{"id":3410,"date":"2025-11-19T15:10:07","date_gmt":"2025-11-19T12:10:07","guid":{"rendered":"https:\/\/thinkking.ee\/?post_type=product&#038;p=3410"},"modified":"2025-12-01T23:01:45","modified_gmt":"2025-12-01T20:01:45","slug":"kuunalde-varvimise-tootuba","status":"publish","type":"product","link":"https:\/\/thinkking.ee\/en\/pood\/kuunalde-varvimise-tootuba\/","title":{"rendered":"K\u00fc\u00fcnalde v\u00e4rvimise t\u00f6\u00f6tuba"},"content":{"rendered":"\t\t<div data-elementor-type=\"product-post\" data-elementor-id=\"3410\" class=\"elementor elementor-3410\" data-elementor-post-type=\"product\">\n\t\t\t\t<div class=\"elementor-element elementor-element-4bb56b51 e-con-full e-flex e-con e-parent\" data-id=\"4bb56b51\" data-element_type=\"container\" data-e-type=\"container\">\n\t\t\t\t<div class=\"elementor-element elementor-element-7c87c2c3 elementor-widget__width-initial elementor-widget elementor-widget-text-editor\" data-id=\"7c87c2c3\" data-element_type=\"widget\" data-e-type=\"widget\" data-widget_type=\"text-editor.default\">\n\t\t\t\t<div class=\"elementor-widget-container\">\n\t\t\t\t\t\t\t\t\t<h2 data-start=\"270\" data-end=\"346\"><strong>K\u00fc\u00fcnalde v\u00e4rvimise t\u00f6\u00f6tuba<\/strong><\/h2>\n<p><strong data-start=\"672\" data-end=\"700\">30.11.2025 \u2022 16:00\u201318:00<\/strong><br data-start=\"700\" data-end=\"703\"><strong data-start=\"703\" data-end=\"733\">Jaanisuss \u2022 Jaani 8, Tartu<\/strong><\/p>\n<p data-start=\"348\" data-end=\"428\">Pakume v\u00f5imalust meisterdada p\u00e4ris oma disainiga k\u00fc\u00fcnal, m\u00f5nusas 1. advendi talve ootuses.<\/p>\n<p data-start=\"348\" data-end=\"428\">K\u00f5ik vajalikud <strong data-start=\"469\" data-end=\"498\">materjalid pakume meie.<\/strong><br data-start=\"511\" data-end=\"514\"><em>Sina ainult tule, meisterda ja naudi!<\/em><\/p>\n<p data-start=\"348\" data-end=\"428\"><strong>T\u00f6\u00f6tuba sobib<\/strong> nii <strong>algajatele<\/strong> kui ka <strong>kogenud meistritele.<\/strong><\/p>\n<p data-start=\"348\" data-end=\"428\"><strong>&nbsp;<\/strong><\/p>\n<p data-start=\"348\" data-end=\"428\"><strong>Osalejate arv on piiratud<\/strong>, seega broneeri oma koht varakult.<\/p>\n<p data-start=\"348\" data-end=\"428\">Osalustasu on<strong> 5\u20ac<\/strong><\/p><p data-start=\"348\" data-end=\"428\"><strong><br><\/strong><\/p>\n<p data-start=\"348\" data-end=\"428\">Peale k\u00fc\u00fcnalde v\u00e4rvimist saab suunduda raekoja platsile, Tartu j\u00f5ululinna 2025 avamisele ja kontserdile.<\/p><p data-start=\"348\" data-end=\"428\"><br><\/p>\n<p data-start=\"348\" data-end=\"428\">K\u00fc\u00fcnalde v\u00e4rvimiseni!<\/p>\n<p data-start=\"572\" data-end=\"593\">\n<\/p>\t\t\t\t\t\t\t\t<\/div>\n\t\t\t\t<\/div>\n\t\t\t\t<\/div>\n\t\t<div class=\"elementor-element elementor-element-400cfc1 e-flex e-con-boxed e-con e-parent\" data-id=\"400cfc1\" data-element_type=\"container\" data-e-type=\"container\">\n\t\t\t\t\t<div class=\"e-con-inner\">\n\t\t\t\t\t<\/div>\n\t\t\t\t<\/div>\n\t\t\t\t<\/div>\n\t\t","protected":false},"excerpt":{"rendered":"<p>K\u00fc\u00fcnalde v\u00e4rvimise t\u00f6\u00f6tuba 30.11.2025 \u2022 16:00\u201318:00Jaanisuss \u2022 Jaani 8, Tartu Pakume v\u00f5imalust meisterdada p\u00e4ris oma disainiga k\u00fc\u00fcnal, m\u00f5nusas 1. advendi talve ootuses. K\u00f5ik vajalikud materjalid pakume meie.Sina ainult tule, meisterda ja naudi! T\u00f6\u00f6tuba sobib nii algajatele kui ka kogenud meistritele. \u00a0 Osalejate arv on piiratud, seega broneeri oma koht varakult. Osalustasu on 5\u20ac \u00a0 Peale [&hellip;]<\/p>\n","protected":false},"featured_media":3412,"template":"","meta":{"_acf_changed":false},"asukoht":[47],"product_brand":[],"product_cat":[65],"product_tag":[],"class_list":{"0":"post-3410","1":"product","2":"type-product","3":"status-publish","4":"has-post-thumbnail","6":"asukoht-jaanisuss","7":"product_cat-paase-uritusele","9":"first","10":"instock","11":"virtual","12":"taxable","13":"purchasable","14":"product-type-simple"},"acf":[],"yoast_head":"<!-- This site is optimized with the Yoast SEO plugin v27.5 - https:\/\/yoast.com\/product\/yoast-seo-wordpress\/ -->\n<title>K\u00fc\u00fcnalde v\u00e4rvimise t\u00f6\u00f6tuba - ThinkKing Games<\/title>\n<meta name=\"robots\" content=\"index, follow, max-snippet:-1, max-image-preview:large, max-video-preview:-1\" \/>\n<link rel=\"canonical\" href=\"https:\/\/thinkking.ee\/en\/pood\/kuunalde-varvimise-tootuba\/\" \/>\n<meta property=\"og:locale\" content=\"en_US\" \/>\n<meta property=\"og:type\" content=\"article\" \/>\n<meta property=\"og:title\" content=\"K\u00fc\u00fcnalde v\u00e4rvimise t\u00f6\u00f6tuba - ThinkKing Games\" \/>\n<meta property=\"og:description\" content=\"K\u00fc\u00fcnalde v\u00e4rvimise t\u00f6\u00f6tuba 30.11.2025 \u2022 16:00\u201318:00Jaanisuss \u2022 Jaani 8, Tartu Pakume v\u00f5imalust meisterdada p\u00e4ris oma disainiga k\u00fc\u00fcnal, m\u00f5nusas 1. advendi talve ootuses. K\u00f5ik vajalikud materjalid pakume meie.Sina ainult tule, meisterda ja naudi! T\u00f6\u00f6tuba sobib nii algajatele kui ka kogenud meistritele. \u00a0 Osalejate arv on piiratud, seega broneeri oma koht varakult. Osalustasu on 5\u20ac \u00a0 Peale [&hellip;]\" \/>\n<meta property=\"og:url\" content=\"https:\/\/thinkking.ee\/en\/pood\/kuunalde-varvimise-tootuba\/\" \/>\n<meta property=\"og:site_name\" content=\"ThinkKing Games\" \/>\n<meta property=\"article:modified_time\" content=\"2025-12-01T20:01:45+00:00\" \/>\n<meta property=\"og:image\" content=\"https:\/\/thinkking.ee\/wp-content\/uploads\/2025\/11\/image.png\" \/>\n\t<meta property=\"og:image:width\" content=\"675\" \/>\n\t<meta property=\"og:image:height\" content=\"1200\" \/>\n\t<meta property=\"og:image:type\" content=\"image\/png\" \/>\n<meta name=\"twitter:card\" content=\"summary_large_image\" \/>\n<script type=\"application\/ld+json\" class=\"yoast-schema-graph\">{\"@context\":\"https:\\\/\\\/schema.org\",\"@graph\":[{\"@type\":\"WebPage\",\"@id\":\"https:\\\/\\\/thinkking.ee\\\/en\\\/pood\\\/kuunalde-varvimise-tootuba\\\/\",\"url\":\"https:\\\/\\\/thinkking.ee\\\/en\\\/pood\\\/kuunalde-varvimise-tootuba\\\/\",\"name\":\"K\u00fc\u00fcnalde v\u00e4rvimise t\u00f6\u00f6tuba - ThinkKing Games\",\"isPartOf\":{\"@id\":\"https:\\\/\\\/thinkking.ee\\\/en\\\/#website\"},\"primaryImageOfPage\":{\"@id\":\"https:\\\/\\\/thinkking.ee\\\/en\\\/pood\\\/kuunalde-varvimise-tootuba\\\/#primaryimage\"},\"image\":{\"@id\":\"https:\\\/\\\/thinkking.ee\\\/en\\\/pood\\\/kuunalde-varvimise-tootuba\\\/#primaryimage\"},\"thumbnailUrl\":\"https:\\\/\\\/thinkking.ee\\\/wp-content\\\/uploads\\\/2025\\\/11\\\/image.png\",\"datePublished\":\"2025-11-19T12:10:07+00:00\",\"dateModified\":\"2025-12-01T20:01:45+00:00\",\"breadcrumb\":{\"@id\":\"https:\\\/\\\/thinkking.ee\\\/en\\\/pood\\\/kuunalde-varvimise-tootuba\\\/#breadcrumb\"},\"inLanguage\":\"en-US\",\"potentialAction\":[{\"@type\":\"ReadAction\",\"target\":[\"https:\\\/\\\/thinkking.ee\\\/en\\\/pood\\\/kuunalde-varvimise-tootuba\\\/\"]}]},{\"@type\":\"ImageObject\",\"inLanguage\":\"en-US\",\"@id\":\"https:\\\/\\\/thinkking.ee\\\/en\\\/pood\\\/kuunalde-varvimise-tootuba\\\/#primaryimage\",\"url\":\"https:\\\/\\\/thinkking.ee\\\/wp-content\\\/uploads\\\/2025\\\/11\\\/image.png\",\"contentUrl\":\"https:\\\/\\\/thinkking.ee\\\/wp-content\\\/uploads\\\/2025\\\/11\\\/image.png\",\"width\":675,\"height\":1200},{\"@type\":\"BreadcrumbList\",\"@id\":\"https:\\\/\\\/thinkking.ee\\\/en\\\/pood\\\/kuunalde-varvimise-tootuba\\\/#breadcrumb\",\"itemListElement\":[{\"@type\":\"ListItem\",\"position\":1,\"name\":\"Home\",\"item\":\"https:\\\/\\\/thinkking.ee\\\/en\\\/homepage\\\/\"},{\"@type\":\"ListItem\",\"position\":2,\"name\":\"Products\",\"item\":\"https:\\\/\\\/thinkking.ee\\\/en\\\/shop\\\/\"},{\"@type\":\"ListItem\",\"position\":3,\"name\":\"K\u00fc\u00fcnalde v\u00e4rvimise t\u00f6\u00f6tuba\"}]},{\"@type\":\"WebSite\",\"@id\":\"https:\\\/\\\/thinkking.ee\\\/en\\\/#website\",\"url\":\"https:\\\/\\\/thinkking.ee\\\/en\\\/\",\"name\":\"ThinkKing Games\",\"description\":\"M&otilde;ttem&auml;ngude koolitused, huviringid ja turniirid\",\"publisher\":{\"@id\":\"https:\\\/\\\/thinkking.ee\\\/en\\\/#organization\"},\"potentialAction\":[{\"@type\":\"SearchAction\",\"target\":{\"@type\":\"EntryPoint\",\"urlTemplate\":\"https:\\\/\\\/thinkking.ee\\\/en\\\/?s={search_term_string}\"},\"query-input\":{\"@type\":\"PropertyValueSpecification\",\"valueRequired\":true,\"valueName\":\"search_term_string\"}}],\"inLanguage\":\"en-US\"},{\"@type\":\"Organization\",\"@id\":\"https:\\\/\\\/thinkking.ee\\\/en\\\/#organization\",\"name\":\"ThinkKing Games\",\"url\":\"https:\\\/\\\/thinkking.ee\\\/en\\\/\",\"logo\":{\"@type\":\"ImageObject\",\"inLanguage\":\"en-US\",\"@id\":\"https:\\\/\\\/thinkking.ee\\\/en\\\/#\\\/schema\\\/logo\\\/image\\\/\",\"url\":\"https:\\\/\\\/thinkking.ee\\\/wp-content\\\/uploads\\\/2025\\\/04\\\/ThinkKing-mv-Tervik-transparent-taring-valge-scaled.png\",\"contentUrl\":\"https:\\\/\\\/thinkking.ee\\\/wp-content\\\/uploads\\\/2025\\\/04\\\/ThinkKing-mv-Tervik-transparent-taring-valge-scaled.png\",\"width\":2560,\"height\":863,\"caption\":\"ThinkKing Games\"},\"image\":{\"@id\":\"https:\\\/\\\/thinkking.ee\\\/en\\\/#\\\/schema\\\/logo\\\/image\\\/\"}}]}<\/script>\n<!-- \/ Yoast SEO plugin. -->","yoast_head_json":{"title":"K\u00fc\u00fcnalde v\u00e4rvimise t\u00f6\u00f6tuba - ThinkKing Games","robots":{"index":"index","follow":"follow","max-snippet":"max-snippet:-1","max-image-preview":"max-image-preview:large","max-video-preview":"max-video-preview:-1"},"canonical":"https:\/\/thinkking.ee\/en\/pood\/kuunalde-varvimise-tootuba\/","og_locale":"en_US","og_type":"article","og_title":"K\u00fc\u00fcnalde v\u00e4rvimise t\u00f6\u00f6tuba - ThinkKing Games","og_description":"K\u00fc\u00fcnalde v\u00e4rvimise t\u00f6\u00f6tuba 30.11.2025 \u2022 16:00\u201318:00Jaanisuss \u2022 Jaani 8, Tartu Pakume v\u00f5imalust meisterdada p\u00e4ris oma disainiga k\u00fc\u00fcnal, m\u00f5nusas 1. advendi talve ootuses. K\u00f5ik vajalikud materjalid pakume meie.Sina ainult tule, meisterda ja naudi! T\u00f6\u00f6tuba sobib nii algajatele kui ka kogenud meistritele. \u00a0 Osalejate arv on piiratud, seega broneeri oma koht varakult. Osalustasu on 5\u20ac \u00a0 Peale [&hellip;]","og_url":"https:\/\/thinkking.ee\/en\/pood\/kuunalde-varvimise-tootuba\/","og_site_name":"ThinkKing Games","article_modified_time":"2025-12-01T20:01:45+00:00","og_image":[{"width":675,"height":1200,"url":"https:\/\/thinkking.ee\/wp-content\/uploads\/2025\/11\/image.png","type":"image\/png"}],"twitter_card":"summary_large_image","schema":{"@context":"https:\/\/schema.org","@graph":[{"@type":"WebPage","@id":"https:\/\/thinkking.ee\/en\/pood\/kuunalde-varvimise-tootuba\/","url":"https:\/\/thinkking.ee\/en\/pood\/kuunalde-varvimise-tootuba\/","name":"K\u00fc\u00fcnalde v\u00e4rvimise t\u00f6\u00f6tuba - ThinkKing Games","isPartOf":{"@id":"https:\/\/thinkking.ee\/en\/#website"},"primaryImageOfPage":{"@id":"https:\/\/thinkking.ee\/en\/pood\/kuunalde-varvimise-tootuba\/#primaryimage"},"image":{"@id":"https:\/\/thinkking.ee\/en\/pood\/kuunalde-varvimise-tootuba\/#primaryimage"},"thumbnailUrl":"https:\/\/thinkking.ee\/wp-content\/uploads\/2025\/11\/image.png","datePublished":"2025-11-19T12:10:07+00:00","dateModified":"2025-12-01T20:01:45+00:00","breadcrumb":{"@id":"https:\/\/thinkking.ee\/en\/pood\/kuunalde-varvimise-tootuba\/#breadcrumb"},"inLanguage":"en-US","potentialAction":[{"@type":"ReadAction","target":["https:\/\/thinkking.ee\/en\/pood\/kuunalde-varvimise-tootuba\/"]}]},{"@type":"ImageObject","inLanguage":"en-US","@id":"https:\/\/thinkking.ee\/en\/pood\/kuunalde-varvimise-tootuba\/#primaryimage","url":"https:\/\/thinkking.ee\/wp-content\/uploads\/2025\/11\/image.png","contentUrl":"https:\/\/thinkking.ee\/wp-content\/uploads\/2025\/11\/image.png","width":675,"height":1200},{"@type":"BreadcrumbList","@id":"https:\/\/thinkking.ee\/en\/pood\/kuunalde-varvimise-tootuba\/#breadcrumb","itemListElement":[{"@type":"ListItem","position":1,"name":"Home","item":"https:\/\/thinkking.ee\/en\/homepage\/"},{"@type":"ListItem","position":2,"name":"Products","item":"https:\/\/thinkking.ee\/en\/shop\/"},{"@type":"ListItem","position":3,"name":"K\u00fc\u00fcnalde v\u00e4rvimise t\u00f6\u00f6tuba"}]},{"@type":"WebSite","@id":"https:\/\/thinkking.ee\/en\/#website","url":"https:\/\/thinkking.ee\/en\/","name":"ThinkKing Games","description":"M&otilde;ttem&auml;ngude koolitused, huviringid ja turniirid","publisher":{"@id":"https:\/\/thinkking.ee\/en\/#organization"},"potentialAction":[{"@type":"SearchAction","target":{"@type":"EntryPoint","urlTemplate":"https:\/\/thinkking.ee\/en\/?s={search_term_string}"},"query-input":{"@type":"PropertyValueSpecification","valueRequired":true,"valueName":"search_term_string"}}],"inLanguage":"en-US"},{"@type":"Organization","@id":"https:\/\/thinkking.ee\/en\/#organization","name":"ThinkKing Games","url":"https:\/\/thinkking.ee\/en\/","logo":{"@type":"ImageObject","inLanguage":"en-US","@id":"https:\/\/thinkking.ee\/en\/#\/schema\/logo\/image\/","url":"https:\/\/thinkking.ee\/wp-content\/uploads\/2025\/04\/ThinkKing-mv-Tervik-transparent-taring-valge-scaled.png","contentUrl":"https:\/\/thinkking.ee\/wp-content\/uploads\/2025\/04\/ThinkKing-mv-Tervik-transparent-taring-valge-scaled.png","width":2560,"height":863,"caption":"ThinkKing Games"},"image":{"@id":"https:\/\/thinkking.ee\/en\/#\/schema\/logo\/image\/"}}]}},"_links":{"self":[{"href":"https:\/\/thinkking.ee\/en\/wp-json\/wp\/v2\/product\/3410","targetHints":{"allow":["GET"]}}],"collection":[{"href":"https:\/\/thinkking.ee\/en\/wp-json\/wp\/v2\/product"}],"about":[{"href":"https:\/\/thinkking.ee\/en\/wp-json\/wp\/v2\/types\/product"}],"version-history":[{"count":16,"href":"https:\/\/thinkking.ee\/en\/wp-json\/wp\/v2\/product\/3410\/revisions"}],"predecessor-version":[{"id":3618,"href":"https:\/\/thinkking.ee\/en\/wp-json\/wp\/v2\/product\/3410\/revisions\/3618"}],"wp:featuredmedia":[{"embeddable":true,"href":"https:\/\/thinkking.ee\/en\/wp-json\/wp\/v2\/media\/3412"}],"wp:attachment":[{"href":"https:\/\/thinkking.ee\/en\/wp-json\/wp\/v2\/media?parent=3410"}],"wp:term":[{"taxonomy":"asukoht","embeddable":true,"href":"https:\/\/thinkking.ee\/en\/wp-json\/wp\/v2\/asukoht?post=3410"},{"taxonomy":"product_brand","embeddable":true,"href":"https:\/\/thinkking.ee\/en\/wp-json\/wp\/v2\/product_brand?post=3410"},{"taxonomy":"product_cat","embeddable":true,"href":"https:\/\/thinkking.ee\/en\/wp-json\/wp\/v2\/product_cat?post=3410"},{"taxonomy":"product_tag","embeddable":true,"href":"https:\/\/thinkking.ee\/en\/wp-json\/wp\/v2\/product_tag?post=3410"}],"curies":[{"name":"wp","href":"https:\/\/api.w.org\/{rel}","templated":true}]}}