{"id":4111,"date":"2026-02-10T21:55:23","date_gmt":"2026-02-10T18:55:23","guid":{"rendered":"https:\/\/thinkking.ee\/tartu-artu-2026-team-tournament\/"},"modified":"2026-02-11T04:44:41","modified_gmt":"2026-02-11T01:44:41","slug":"tartu-artu-2026-team-tournament","status":"publish","type":"page","link":"https:\/\/thinkking.ee\/en\/tartu-artu-2026-team-tournament\/","title":{"rendered":"Tartu \u00c4rtu 2026 Team Tournament"},"content":{"rendered":"\t\t<div data-elementor-type=\"wp-page\" data-elementor-id=\"4111\" class=\"elementor elementor-4111 elementor-4081\" data-elementor-post-type=\"page\">\n\t\t\t\t<div class=\"elementor-element elementor-element-b8274a1 e-flex e-con-boxed e-con e-parent\" data-id=\"b8274a1\" data-element_type=\"container\" data-e-type=\"container\">\n\t\t\t\t\t<div class=\"e-con-inner\">\n\t\t<div class=\"elementor-element elementor-element-18e792c e-con-full e-flex e-con e-child\" data-id=\"18e792c\" data-element_type=\"container\" data-e-type=\"container\">\n\t\t\t\t<div class=\"elementor-element elementor-element-e09c86a elementor-hidden-mobile elementor-widget elementor-widget-image\" data-id=\"e09c86a\" data-element_type=\"widget\" data-e-type=\"widget\" data-widget_type=\"image.default\">\n\t\t\t\t<div class=\"elementor-widget-container\">\n\t\t\t\t\t\t\t\t\t\t\t\t\t\t\t<img fetchpriority=\"high\" decoding=\"async\" width=\"800\" height=\"513\" src=\"https:\/\/thinkking.ee\/wp-content\/uploads\/2025\/07\/parimpaar_musttaust-1024x656.webp\" class=\"attachment-large size-large wp-image-4108\" alt=\"\" srcset=\"https:\/\/thinkking.ee\/wp-content\/uploads\/2025\/07\/parimpaar_musttaust-1024x656.webp 1024w, https:\/\/thinkking.ee\/wp-content\/uploads\/2025\/07\/parimpaar_musttaust-300x192.webp 300w, https:\/\/thinkking.ee\/wp-content\/uploads\/2025\/07\/parimpaar_musttaust-768x492.webp 768w, https:\/\/thinkking.ee\/wp-content\/uploads\/2025\/07\/parimpaar_musttaust-1536x984.webp 1536w, https:\/\/thinkking.ee\/wp-content\/uploads\/2025\/07\/parimpaar_musttaust.webp 1780w\" sizes=\"(max-width: 800px) 100vw, 800px\" \/>\t\t\t\t\t\t\t\t\t\t\t\t\t\t\t<\/div>\n\t\t\t\t<\/div>\n\t\t\t\t<div class=\"elementor-element elementor-element-f588c29 elementor-widget elementor-widget-heading\" data-id=\"f588c29\" data-element_type=\"widget\" data-e-type=\"widget\" data-widget_type=\"heading.default\">\n\t\t\t\t<div class=\"elementor-widget-container\">\n\t\t\t\t\t<h1 class=\"elementor-heading-title elementor-size-default\"><strong>Tartu<\/strong> \u00c4rtu<strong> 2026<\/strong> Team Tournament<\/h1>\t\t\t\t<\/div>\n\t\t\t\t<\/div>\n\t\t\t\t<div class=\"elementor-element elementor-element-12b73b2 elementor-widget elementor-widget-image\" data-id=\"12b73b2\" data-element_type=\"widget\" data-e-type=\"widget\" data-widget_type=\"image.default\">\n\t\t\t\t<div class=\"elementor-widget-container\">\n\t\t\t\t\t\t\t\t\t\t\t\t\t\t\t<img fetchpriority=\"high\" decoding=\"async\" width=\"800\" height=\"513\" src=\"https:\/\/thinkking.ee\/wp-content\/uploads\/2025\/07\/parimpaar_musttaust-1024x656.webp\" class=\"attachment-large size-large wp-image-4108\" alt=\"\" srcset=\"https:\/\/thinkking.ee\/wp-content\/uploads\/2025\/07\/parimpaar_musttaust-1024x656.webp 1024w, https:\/\/thinkking.ee\/wp-content\/uploads\/2025\/07\/parimpaar_musttaust-300x192.webp 300w, https:\/\/thinkking.ee\/wp-content\/uploads\/2025\/07\/parimpaar_musttaust-768x492.webp 768w, https:\/\/thinkking.ee\/wp-content\/uploads\/2025\/07\/parimpaar_musttaust-1536x984.webp 1536w, https:\/\/thinkking.ee\/wp-content\/uploads\/2025\/07\/parimpaar_musttaust.webp 1780w\" sizes=\"(max-width: 800px) 100vw, 800px\" \/>\t\t\t\t\t\t\t\t\t\t\t\t\t\t\t<\/div>\n\t\t\t\t<\/div>\n\t\t\t\t<\/div>\n\t\t\t\t<div class=\"elementor-element elementor-element-357b6d4 elementor-widget elementor-widget-html\" data-id=\"357b6d4\" data-element_type=\"widget\" data-e-type=\"widget\" data-widget_type=\"html.default\">\n\t\t\t\t<div class=\"elementor-widget-container\">\n\t\t\t\t\t<table class=\"tournament-pairs\">\r\n  <thead>\r\n    <tr>\r\n      <th>No.\r\n<\/th>\r\n      <th><?php \/* translated by WPML\/Elementor *\/ ?>Team name<\/th>\r\n      <th><?php \/* translated by WPML\/Elementor *\/ ?>Players<\/th>\r\n    <\/tr>\r\n  <\/thead>\r\n  <tbody>\r\n            <tr>\n            <td>1<\/td>\n\n            <td>\n                                    <img decoding=\"async\" class=\"flag lazyload\" data-src=\"https:\/\/thinkking.ee\/wp-content\/uploads\/flags\/ee.svg\" alt=\"EE\" src=\"data:image\/svg+xml;base64,PHN2ZyB3aWR0aD0iMSIgaGVpZ2h0PSIxIiB4bWxucz0iaHR0cDovL3d3dy53My5vcmcvMjAwMC9zdmciPjwvc3ZnPg==\" \/>\n                                <span class=\"team-name\">EST U26<\/span>\n            <\/td>\n\n            <td>\n                <div class=\"team-players\">\n                    Albert Pedmanson, Jasper V\u00e4hk, Kaspar Allas, J\u00fcrgen G\u00fcsson                <\/div>\n            <\/td>\n        <\/tr>\n                <tr>\n            <td>2<\/td>\n\n            <td>\n                                    <img decoding=\"async\" class=\"flag lazyload\" data-src=\"https:\/\/thinkking.ee\/wp-content\/uploads\/flags\/no.svg\" alt=\"NO\" src=\"data:image\/svg+xml;base64,PHN2ZyB3aWR0aD0iMSIgaGVpZ2h0PSIxIiB4bWxucz0iaHR0cDovL3d3dy53My5vcmcvMjAwMC9zdmciPjwvc3ZnPg==\" \/>\n                                <span class=\"team-name\">Norway U26<\/span>\n            <\/td>\n\n            <td>\n                <div class=\"team-players\">\n                    Marius Austad, Thomas T\u00f8sse, Magnus S\u00e6tre, Anders Brogeland                <\/div>\n            <\/td>\n        <\/tr>\n                <tr>\n            <td>3<\/td>\n\n            <td>\n                                    <img decoding=\"async\" class=\"flag lazyload\" data-src=\"https:\/\/thinkking.ee\/wp-content\/uploads\/flags\/fi.svg\" alt=\"FI\" src=\"data:image\/svg+xml;base64,PHN2ZyB3aWR0aD0iMSIgaGVpZ2h0PSIxIiB4bWxucz0iaHR0cDovL3d3dy53My5vcmcvMjAwMC9zdmciPjwvc3ZnPg==\" \/>\n                                <span class=\"team-name\">Finland U26<\/span>\n            <\/td>\n\n            <td>\n                <div class=\"team-players\">\n                    Noora Rahi, Lauri Rahi, Aapo Nieminen, Arttu Raikunen                <\/div>\n            <\/td>\n        <\/tr>\n                <tr>\n            <td>4<\/td>\n\n            <td>\n                                    <img decoding=\"async\" class=\"flag lazyload\" data-src=\"https:\/\/thinkking.ee\/wp-content\/uploads\/flags\/ee.svg\" alt=\"EE\" src=\"data:image\/svg+xml;base64,PHN2ZyB3aWR0aD0iMSIgaGVpZ2h0PSIxIiB4bWxucz0iaHR0cDovL3d3dy53My5vcmcvMjAwMC9zdmciPjwvc3ZnPg==\" \/>\n                                <span class=\"team-name\">EST U16<\/span>\n            <\/td>\n\n            <td>\n                <div class=\"team-players\">\n                    Kaile Anderson, Elise Marie Meikop, S\u00e4de Vanaveski, Mihkel Talts                <\/div>\n            <\/td>\n        <\/tr>\n                <tr>\n            <td>5<\/td>\n\n            <td>\n                                    <img decoding=\"async\" class=\"flag lazyload\" data-src=\"https:\/\/thinkking.ee\/wp-content\/uploads\/flags\/pl.svg\" alt=\"PL\" src=\"data:image\/svg+xml;base64,PHN2ZyB3aWR0aD0iMSIgaGVpZ2h0PSIxIiB4bWxucz0iaHR0cDovL3d3dy53My5vcmcvMjAwMC9zdmciPjwvc3ZnPg==\" \/>\n                                <span class=\"team-name\">Poland1<\/span>\n            <\/td>\n\n            <td>\n                <div class=\"team-players\">\n                    Kajetan Go\u015bcia\u0144ski, Stanis\u0142aw Heimrath, Viktor H\u00f6hn, Iwo Ryter                <\/div>\n            <\/td>\n        <\/tr>\n                <tr>\n            <td>6<\/td>\n\n            <td>\n                                    <img decoding=\"async\" class=\"flag lazyload\" data-src=\"https:\/\/thinkking.ee\/wp-content\/uploads\/flags\/pl.svg\" alt=\"PL\" src=\"data:image\/svg+xml;base64,PHN2ZyB3aWR0aD0iMSIgaGVpZ2h0PSIxIiB4bWxucz0iaHR0cDovL3d3dy53My5vcmcvMjAwMC9zdmciPjwvc3ZnPg==\" \/>\n                                <span class=\"team-name\">Poland2<\/span>\n            <\/td>\n\n            <td>\n                <div class=\"team-players\">\n                    Michalina Biecho\u0144ska, Pola Pawlak, Malwina Kie\u0142tyka, Amelia B\u0142a\u017cko                <\/div>\n            <\/td>\n        <\/tr>\n                <tr>\n            <td>7<\/td>\n\n            <td>\n                                    <img decoding=\"async\" class=\"flag lazyload\" data-src=\"https:\/\/thinkking.ee\/wp-content\/uploads\/flags\/de.svg\" alt=\"DE\" src=\"data:image\/svg+xml;base64,PHN2ZyB3aWR0aD0iMSIgaGVpZ2h0PSIxIiB4bWxucz0iaHR0cDovL3d3dy53My5vcmcvMjAwMC9zdmciPjwvc3ZnPg==\" \/>\n                                <span class=\"team-name\">Germany<\/span>\n            <\/td>\n\n            <td>\n                <div class=\"team-players\">\n                    Marius G\u00fcndel, Charlotte Baumgart, Ole Farwig, Riko Piirisild                <\/div>\n            <\/td>\n        <\/tr>\n                <tr>\n            <td>8<\/td>\n\n            <td>\n                                    <img decoding=\"async\" class=\"flag lazyload\" data-src=\"https:\/\/thinkking.ee\/wp-content\/uploads\/flags\/se.svg\" alt=\"SE\" src=\"data:image\/svg+xml;base64,PHN2ZyB3aWR0aD0iMSIgaGVpZ2h0PSIxIiB4bWxucz0iaHR0cDovL3d3dy53My5vcmcvMjAwMC9zdmciPjwvc3ZnPg==\" \/>\n                                <span class=\"team-name\">Sweden<\/span>\n            <\/td>\n\n            <td>\n                <div class=\"team-players\">\n                    Sara Boo, Ammy Leah Erikson, Erleta Plana, Jakob Johansson                <\/div>\n            <\/td>\n        <\/tr>\n                <tr>\n            <td>9<\/td>\n\n            <td>\n                                    <img decoding=\"async\" class=\"flag lazyload\" data-src=\"https:\/\/thinkking.ee\/wp-content\/uploads\/flags\/lv.svg\" alt=\"LV\" src=\"data:image\/svg+xml;base64,PHN2ZyB3aWR0aD0iMSIgaGVpZ2h0PSIxIiB4bWxucz0iaHR0cDovL3d3dy53My5vcmcvMjAwMC9zdmciPjwvc3ZnPg==\" \/>\n                                <span class=\"team-name\">Latvian u21<\/span>\n            <\/td>\n\n            <td>\n                <div class=\"team-players\">\n                    M\u0101rti\u0146\u0161 Briedis, Filips Freibergs, M\u0101rcis Samol\u010devs, Sofija Litvak                <\/div>\n            <\/td>\n        <\/tr>\n                <tr>\n            <td>10<\/td>\n\n            <td>\n                                    <img decoding=\"async\" class=\"flag lazyload\" data-src=\"https:\/\/thinkking.ee\/wp-content\/uploads\/flags\/ee.svg\" alt=\"EE\" src=\"data:image\/svg+xml;base64,PHN2ZyB3aWR0aD0iMSIgaGVpZ2h0PSIxIiB4bWxucz0iaHR0cDovL3d3dy53My5vcmcvMjAwMC9zdmciPjwvc3ZnPg==\" \/>\n                                <span class=\"team-name\">EST U26 W<\/span>\n            <\/td>\n\n            <td>\n                <div class=\"team-players\">\n                    Eleliis Orma, Stella Brita Allas, Lee Ann Madissoon, Margaret Braun                <\/div>\n            <\/td>\n        <\/tr>\n                <tr>\n            <td>11<\/td>\n\n            <td>\n                                    <img decoding=\"async\" class=\"flag lazyload\" data-src=\"https:\/\/thinkking.ee\/wp-content\/uploads\/flags\/lv.svg\" alt=\"LV\" src=\"data:image\/svg+xml;base64,PHN2ZyB3aWR0aD0iMSIgaGVpZ2h0PSIxIiB4bWxucz0iaHR0cDovL3d3dy53My5vcmcvMjAwMC9zdmciPjwvc3ZnPg==\" \/>\n                                <span class=\"team-name\">Latvia u26<\/span>\n            <\/td>\n\n            <td>\n                <div class=\"team-players\">\n                    Rainers Kreit\u0101ls, Druvis Jansons, Andrejs Freibergs, Beatrise Bethere                <\/div>\n            <\/td>\n        <\/tr>\n                <tr>\n            <td>12<\/td>\n\n            <td>\n                                    <img decoding=\"async\" class=\"flag lazyload\" data-src=\"https:\/\/thinkking.ee\/wp-content\/uploads\/flags\/rs.svg\" alt=\"RS\" src=\"data:image\/svg+xml;base64,PHN2ZyB3aWR0aD0iMSIgaGVpZ2h0PSIxIiB4bWxucz0iaHR0cDovL3d3dy53My5vcmcvMjAwMC9zdmciPjwvc3ZnPg==\" \/>\n                                <span class=\"team-name\">Serbia u26<\/span>\n            <\/td>\n\n            <td>\n                <div class=\"team-players\">\n                    Ines Pavlovi\u0107, Anja Ekres, Jovan Moja\u0161evi\u0107, Marten Kivisalu                <\/div>\n            <\/td>\n        <\/tr>\n                <tr>\n            <td>13<\/td>\n\n            <td>\n                                    <img decoding=\"async\" class=\"flag lazyload\" data-src=\"https:\/\/thinkking.ee\/wp-content\/uploads\/flags\/ee.svg\" alt=\"EE\" src=\"data:image\/svg+xml;base64,PHN2ZyB3aWR0aD0iMSIgaGVpZ2h0PSIxIiB4bWxucz0iaHR0cDovL3d3dy53My5vcmcvMjAwMC9zdmciPjwvc3ZnPg==\" \/>\n                                <span class=\"team-name\">Estonia u21<\/span>\n            <\/td>\n\n            <td>\n                <div class=\"team-players\">\n                    Elis Lukner, Kaur Kruusaauk, Karl Johann Meikop, Mirtel Aal                <\/div>\n            <\/td>\n        <\/tr>\n                <tr>\n            <td>14<\/td>\n\n            <td>\n                                    <img decoding=\"async\" class=\"flag lazyload\" data-src=\"https:\/\/thinkking.ee\/wp-content\/uploads\/flags\/ee.svg\" alt=\"EE\" src=\"data:image\/svg+xml;base64,PHN2ZyB3aWR0aD0iMSIgaGVpZ2h0PSIxIiB4bWxucz0iaHR0cDovL3d3dy53My5vcmcvMjAwMC9zdmciPjwvc3ZnPg==\" \/>\n                                <span class=\"team-name\">Eesti talupojad<\/span>\n            <\/td>\n\n            <td>\n                <div class=\"team-players\">\n                    Juhan Jasper Savi, Isadora Rahumeel, Roosmarii Villems, Karl Mattias Tammiste                <\/div>\n            <\/td>\n        <\/tr>\n                <tr>\n            <td>15<\/td>\n\n            <td>\n                                    <img decoding=\"async\" class=\"flag lazyload\" data-src=\"https:\/\/thinkking.ee\/wp-content\/uploads\/flags\/ee.svg\" alt=\"EE\" src=\"data:image\/svg+xml;base64,PHN2ZyB3aWR0aD0iMSIgaGVpZ2h0PSIxIiB4bWxucz0iaHR0cDovL3d3dy53My5vcmcvMjAwMC9zdmciPjwvc3ZnPg==\" \/>\n                                <span class=\"team-name\">Tammekad<\/span>\n            <\/td>\n\n            <td>\n                <div class=\"team-players\">\n                    Gerd Palok, Amanda P\u00e4rk, Heinrich Ritso, Jaanus Liiv                <\/div>\n            <\/td>\n        <\/tr>\n        \r\n  <\/tbody>\r\n<\/table>\r\n\t\t\t\t<\/div>\n\t\t\t\t<\/div>\n\t\t\t\t<div class=\"elementor-element elementor-element-2ebab9b elementor-align-center elementor-widget elementor-widget-button\" data-id=\"2ebab9b\" data-element_type=\"widget\" data-e-type=\"widget\" data-widget_type=\"button.default\">\n\t\t\t\t<div class=\"elementor-widget-container\">\n\t\t\t\t\t\t\t\t\t<div class=\"elementor-button-wrapper\">\n\t\t\t\t\t<a class=\"elementor-button elementor-button-link elementor-size-sm\" href=\"https:\/\/thinkking.ee\/en\/tartu-hearts-2026-pair-tournament\/\">\n\t\t\t\t\t\t<span class=\"elementor-button-content-wrapper\">\n\t\t\t\t\t\t<span class=\"elementor-button-icon\">\n\t\t\t\t<i aria-hidden=\"true\" class=\"fal fa-long-arrow-right\"><\/i>\t\t\t<\/span>\n\t\t\t\t\t\t\t\t\t<span class=\"elementor-button-text\">Pair tournament participants<\/span>\n\t\t\t\t\t<\/span>\n\t\t\t\t\t<\/a>\n\t\t\t\t<\/div>\n\t\t\t\t\t\t\t\t<\/div>\n\t\t\t\t<\/div>\n\t\t\t\t\t<\/div>\n\t\t\t\t<\/div>\n\t\t\t\t<\/div>\n\t\t","protected":false},"excerpt":{"rendered":"<p>Tartu \u00c4rtu 2026 Team Tournament No. Team name Players Pair tournament participants<\/p>\n","protected":false},"author":2,"featured_media":0,"parent":0,"menu_order":0,"comment_status":"closed","ping_status":"closed","template":"","meta":{"_acf_changed":false,"footnotes":""},"class_list":["post-4111","page","type-page","status-publish","hentry"],"acf":[],"yoast_head":"<!-- This site is optimized with the Yoast SEO plugin v27.3 - https:\/\/yoast.com\/product\/yoast-seo-wordpress\/ -->\n<title>Tartu \u00c4rtu 2026 Team Tournament - ThinkKing Games<\/title>\n<meta name=\"robots\" content=\"index, follow, max-snippet:-1, max-image-preview:large, max-video-preview:-1\" \/>\n<link rel=\"canonical\" href=\"https:\/\/thinkking.ee\/en\/tartu-artu-2026-team-tournament\/\" \/>\n<meta property=\"og:locale\" content=\"en_US\" \/>\n<meta property=\"og:type\" content=\"article\" \/>\n<meta property=\"og:title\" content=\"Tartu \u00c4rtu 2026 Team Tournament - ThinkKing Games\" \/>\n<meta property=\"og:description\" content=\"Tartu \u00c4rtu 2026 Team Tournament No. Team name Players Pair tournament participants\" \/>\n<meta property=\"og:url\" content=\"https:\/\/thinkking.ee\/en\/tartu-artu-2026-team-tournament\/\" \/>\n<meta property=\"og:site_name\" content=\"ThinkKing Games\" \/>\n<meta property=\"article:modified_time\" content=\"2026-02-11T01:44:41+00:00\" \/>\n<meta property=\"og:image\" content=\"https:\/\/thinkking.ee\/wp-content\/uploads\/2025\/07\/parimpaar_musttaust.webp\" \/>\n\t<meta property=\"og:image:width\" content=\"1780\" \/>\n\t<meta property=\"og:image:height\" content=\"1140\" \/>\n\t<meta property=\"og:image:type\" content=\"image\/webp\" \/>\n<meta name=\"twitter:card\" content=\"summary_large_image\" \/>\n<script type=\"application\/ld+json\" class=\"yoast-schema-graph\">{\"@context\":\"https:\\\/\\\/schema.org\",\"@graph\":[{\"@type\":\"WebPage\",\"@id\":\"https:\\\/\\\/thinkking.ee\\\/en\\\/tartu-artu-2026-team-tournament\\\/\",\"url\":\"https:\\\/\\\/thinkking.ee\\\/en\\\/tartu-artu-2026-team-tournament\\\/\",\"name\":\"Tartu \u00c4rtu 2026 Team Tournament - ThinkKing Games\",\"isPartOf\":{\"@id\":\"https:\\\/\\\/thinkking.ee\\\/en\\\/#website\"},\"primaryImageOfPage\":{\"@id\":\"https:\\\/\\\/thinkking.ee\\\/en\\\/tartu-artu-2026-team-tournament\\\/#primaryimage\"},\"image\":{\"@id\":\"https:\\\/\\\/thinkking.ee\\\/en\\\/tartu-artu-2026-team-tournament\\\/#primaryimage\"},\"thumbnailUrl\":\"https:\\\/\\\/thinkking.ee\\\/wp-content\\\/uploads\\\/2025\\\/07\\\/parimpaar_musttaust-1024x656.webp\",\"datePublished\":\"2026-02-10T18:55:23+00:00\",\"dateModified\":\"2026-02-11T01:44:41+00:00\",\"breadcrumb\":{\"@id\":\"https:\\\/\\\/thinkking.ee\\\/en\\\/tartu-artu-2026-team-tournament\\\/#breadcrumb\"},\"inLanguage\":\"en-US\",\"potentialAction\":[{\"@type\":\"ReadAction\",\"target\":[\"https:\\\/\\\/thinkking.ee\\\/en\\\/tartu-artu-2026-team-tournament\\\/\"]}]},{\"@type\":\"ImageObject\",\"inLanguage\":\"en-US\",\"@id\":\"https:\\\/\\\/thinkking.ee\\\/en\\\/tartu-artu-2026-team-tournament\\\/#primaryimage\",\"url\":\"https:\\\/\\\/thinkking.ee\\\/wp-content\\\/uploads\\\/2025\\\/07\\\/parimpaar_musttaust-1024x656.webp\",\"contentUrl\":\"https:\\\/\\\/thinkking.ee\\\/wp-content\\\/uploads\\\/2025\\\/07\\\/parimpaar_musttaust-1024x656.webp\"},{\"@type\":\"BreadcrumbList\",\"@id\":\"https:\\\/\\\/thinkking.ee\\\/en\\\/tartu-artu-2026-team-tournament\\\/#breadcrumb\",\"itemListElement\":[{\"@type\":\"ListItem\",\"position\":1,\"name\":\"Home\",\"item\":\"https:\\\/\\\/thinkking.ee\\\/en\\\/\"},{\"@type\":\"ListItem\",\"position\":2,\"name\":\"Tartu \u00c4rtu 2026 Team Tournament\"}]},{\"@type\":\"WebSite\",\"@id\":\"https:\\\/\\\/thinkking.ee\\\/en\\\/#website\",\"url\":\"https:\\\/\\\/thinkking.ee\\\/en\\\/\",\"name\":\"ThinkKing Games\",\"description\":\"M&otilde;ttem&auml;ngude koolitused, huviringid ja turniirid\",\"publisher\":{\"@id\":\"https:\\\/\\\/thinkking.ee\\\/en\\\/#organization\"},\"potentialAction\":[{\"@type\":\"SearchAction\",\"target\":{\"@type\":\"EntryPoint\",\"urlTemplate\":\"https:\\\/\\\/thinkking.ee\\\/en\\\/?s={search_term_string}\"},\"query-input\":{\"@type\":\"PropertyValueSpecification\",\"valueRequired\":true,\"valueName\":\"search_term_string\"}}],\"inLanguage\":\"en-US\"},{\"@type\":\"Organization\",\"@id\":\"https:\\\/\\\/thinkking.ee\\\/en\\\/#organization\",\"name\":\"ThinkKing Games\",\"url\":\"https:\\\/\\\/thinkking.ee\\\/en\\\/\",\"logo\":{\"@type\":\"ImageObject\",\"inLanguage\":\"en-US\",\"@id\":\"https:\\\/\\\/thinkking.ee\\\/en\\\/#\\\/schema\\\/logo\\\/image\\\/\",\"url\":\"https:\\\/\\\/thinkking.ee\\\/wp-content\\\/uploads\\\/2025\\\/04\\\/ThinkKing-mv-Tervik-transparent-taring-valge-scaled.png\",\"contentUrl\":\"https:\\\/\\\/thinkking.ee\\\/wp-content\\\/uploads\\\/2025\\\/04\\\/ThinkKing-mv-Tervik-transparent-taring-valge-scaled.png\",\"width\":2560,\"height\":863,\"caption\":\"ThinkKing Games\"},\"image\":{\"@id\":\"https:\\\/\\\/thinkking.ee\\\/en\\\/#\\\/schema\\\/logo\\\/image\\\/\"}}]}<\/script>\n<!-- \/ Yoast SEO plugin. -->","yoast_head_json":{"title":"Tartu \u00c4rtu 2026 Team Tournament - ThinkKing Games","robots":{"index":"index","follow":"follow","max-snippet":"max-snippet:-1","max-image-preview":"max-image-preview:large","max-video-preview":"max-video-preview:-1"},"canonical":"https:\/\/thinkking.ee\/en\/tartu-artu-2026-team-tournament\/","og_locale":"en_US","og_type":"article","og_title":"Tartu \u00c4rtu 2026 Team Tournament - ThinkKing Games","og_description":"Tartu \u00c4rtu 2026 Team Tournament No. Team name Players Pair tournament participants","og_url":"https:\/\/thinkking.ee\/en\/tartu-artu-2026-team-tournament\/","og_site_name":"ThinkKing Games","article_modified_time":"2026-02-11T01:44:41+00:00","og_image":[{"width":1780,"height":1140,"url":"https:\/\/thinkking.ee\/wp-content\/uploads\/2025\/07\/parimpaar_musttaust.webp","type":"image\/webp"}],"twitter_card":"summary_large_image","schema":{"@context":"https:\/\/schema.org","@graph":[{"@type":"WebPage","@id":"https:\/\/thinkking.ee\/en\/tartu-artu-2026-team-tournament\/","url":"https:\/\/thinkking.ee\/en\/tartu-artu-2026-team-tournament\/","name":"Tartu \u00c4rtu 2026 Team Tournament - ThinkKing Games","isPartOf":{"@id":"https:\/\/thinkking.ee\/en\/#website"},"primaryImageOfPage":{"@id":"https:\/\/thinkking.ee\/en\/tartu-artu-2026-team-tournament\/#primaryimage"},"image":{"@id":"https:\/\/thinkking.ee\/en\/tartu-artu-2026-team-tournament\/#primaryimage"},"thumbnailUrl":"https:\/\/thinkking.ee\/wp-content\/uploads\/2025\/07\/parimpaar_musttaust-1024x656.webp","datePublished":"2026-02-10T18:55:23+00:00","dateModified":"2026-02-11T01:44:41+00:00","breadcrumb":{"@id":"https:\/\/thinkking.ee\/en\/tartu-artu-2026-team-tournament\/#breadcrumb"},"inLanguage":"en-US","potentialAction":[{"@type":"ReadAction","target":["https:\/\/thinkking.ee\/en\/tartu-artu-2026-team-tournament\/"]}]},{"@type":"ImageObject","inLanguage":"en-US","@id":"https:\/\/thinkking.ee\/en\/tartu-artu-2026-team-tournament\/#primaryimage","url":"https:\/\/thinkking.ee\/wp-content\/uploads\/2025\/07\/parimpaar_musttaust-1024x656.webp","contentUrl":"https:\/\/thinkking.ee\/wp-content\/uploads\/2025\/07\/parimpaar_musttaust-1024x656.webp"},{"@type":"BreadcrumbList","@id":"https:\/\/thinkking.ee\/en\/tartu-artu-2026-team-tournament\/#breadcrumb","itemListElement":[{"@type":"ListItem","position":1,"name":"Home","item":"https:\/\/thinkking.ee\/en\/"},{"@type":"ListItem","position":2,"name":"Tartu \u00c4rtu 2026 Team Tournament"}]},{"@type":"WebSite","@id":"https:\/\/thinkking.ee\/en\/#website","url":"https:\/\/thinkking.ee\/en\/","name":"ThinkKing Games","description":"M&otilde;ttem&auml;ngude koolitused, huviringid ja turniirid","publisher":{"@id":"https:\/\/thinkking.ee\/en\/#organization"},"potentialAction":[{"@type":"SearchAction","target":{"@type":"EntryPoint","urlTemplate":"https:\/\/thinkking.ee\/en\/?s={search_term_string}"},"query-input":{"@type":"PropertyValueSpecification","valueRequired":true,"valueName":"search_term_string"}}],"inLanguage":"en-US"},{"@type":"Organization","@id":"https:\/\/thinkking.ee\/en\/#organization","name":"ThinkKing Games","url":"https:\/\/thinkking.ee\/en\/","logo":{"@type":"ImageObject","inLanguage":"en-US","@id":"https:\/\/thinkking.ee\/en\/#\/schema\/logo\/image\/","url":"https:\/\/thinkking.ee\/wp-content\/uploads\/2025\/04\/ThinkKing-mv-Tervik-transparent-taring-valge-scaled.png","contentUrl":"https:\/\/thinkking.ee\/wp-content\/uploads\/2025\/04\/ThinkKing-mv-Tervik-transparent-taring-valge-scaled.png","width":2560,"height":863,"caption":"ThinkKing Games"},"image":{"@id":"https:\/\/thinkking.ee\/en\/#\/schema\/logo\/image\/"}}]}},"_links":{"self":[{"href":"https:\/\/thinkking.ee\/en\/wp-json\/wp\/v2\/pages\/4111","targetHints":{"allow":["GET"]}}],"collection":[{"href":"https:\/\/thinkking.ee\/en\/wp-json\/wp\/v2\/pages"}],"about":[{"href":"https:\/\/thinkking.ee\/en\/wp-json\/wp\/v2\/types\/page"}],"author":[{"embeddable":true,"href":"https:\/\/thinkking.ee\/en\/wp-json\/wp\/v2\/users\/2"}],"replies":[{"embeddable":true,"href":"https:\/\/thinkking.ee\/en\/wp-json\/wp\/v2\/comments?post=4111"}],"version-history":[{"count":13,"href":"https:\/\/thinkking.ee\/en\/wp-json\/wp\/v2\/pages\/4111\/revisions"}],"predecessor-version":[{"id":4172,"href":"https:\/\/thinkking.ee\/en\/wp-json\/wp\/v2\/pages\/4111\/revisions\/4172"}],"wp:attachment":[{"href":"https:\/\/thinkking.ee\/en\/wp-json\/wp\/v2\/media?parent=4111"}],"curies":[{"name":"wp","href":"https:\/\/api.w.org\/{rel}","templated":true}]}}